{"id":7656,"date":"2024-04-02T09:50:22","date_gmt":"2024-04-02T09:50:22","guid":{"rendered":"https:\/\/www.mad-aid.org.uk\/?page_id=7656"},"modified":"2024-08-02T08:09:19","modified_gmt":"2024-08-02T08:09:19","slug":"terms-conditions","status":"publish","type":"page","link":"https:\/\/www.mad-aid.org.uk\/ro\/terms-conditions\/","title":{"rendered":"Termeni si Conditii"},"content":{"rendered":"<div data-elementor-type=\"wp-page\" data-elementor-id=\"3770\" class=\"elementor elementor-3770\" data-elementor-post-type=\"page\">\n<section class=\"elementor-section elementor-top-section elementor-element elementor-element-77db93d elementor-section-boxed elementor-section-height-default elementor-section-height-default\" data-id=\"77db93d\" data- element_type=\"section\">\n<div class=\"elementor-container elementor-column-gap-default\">\n<div class=\"elementor-column elementor-col-50 elementor-top-column elementor-element elementor-element-58562a4\" data-id=\"58562a4\" data-element_type=\"coloan\u0103\">\n<div class=\"elementor-widget-wrap elementor-element-populated\">\n<div class=\"elementor-element elementor-element-0a31584 elementor-widget elementor-widget-heading\" data-id=\"0a31584\" data-element_type=\"widget\" data-widget_type=\"heading.default\">\n<div class=\"elementor-widget-container\">\n<h1 class=\"elementor-heading-title elementor-size-default\">Termeni \u0219i condi\u021bii<\/h1>\n<\/p><\/div>\n<\/p><\/div>\n<\/p><\/div>\n<\/p><\/div>\n<div class=\"elementor-column elementor-col-50 elementor-top-column elementor-element elementor-element-24337ce\" data-id=\"24337ce\" data-element_type=\"coloan\u0103\">\n<div class=\"elementor-widget-wrap elementor-element-populated\">\n<div class=\"elementor-element elementor-element-219ea61 elementor-widget elementor-widget-text-editor\" data-id=\"219ea61\" data-element_type=\"widget\" data-widget_type=\"text-editor.default\">\n<div class=\"elementor-widget-container\">\n<p><strong>Ultima actualizare: 1 ianuarie 2019<\/strong><\/p>\n<p>V\u0103 rug\u0103m s\u0103 citi\u021bi cu aten\u021bie ace\u0219ti Termeni \u0219i condi\u021bii (\u201eTermeni\u201d, \u201eTermeni \u0219i condi\u021bii\u201d) \u00eenainte de a utiliza http:\/\/www. Site-ul web .mad-aid.org.uk (\u201eServiciul\u201d) operat de Filiala Meir Panim din Marea Britanie (\u201enoi\u201d, \u201enoi\u201d sau \u201enostru\u201d).<\/p>\n<p>Accesul dvs. la \u0219i utilizarea acestuia Serviciul este condi\u021bionat de acceptarea \u0219i conformitatea cu ace\u0219ti Termeni. Ace\u0219ti Termeni se aplic\u0103 tuturor vizitatorilor, utilizatorilor \u0219i altor persoane care acceseaz\u0103 sau utilizeaz\u0103 Serviciul.<\/p>\n<p>Prin accesarea sau utilizarea Serviciului, sunte\u021bi de acord s\u0103 respecta\u021bi ace\u0219ti Termeni. Dac\u0103 nu sunte\u021bi de acord cu orice parte a termenilor, este posibil s\u0103 nu accesa\u021bi Serviciul.<\/p>\n<\/p><\/div>\n<\/p><\/div>\n<\/p><\/div>\n<\/p><\/div>\n<\/p><\/div>\n<\/section>\n<section class=\"elementor-section elementor-top-section elementor-element elementor-element-e9eb7e2 elementor-section-boxed elementor-section-height-default elementor-section-height-default\" data-id=\"e9eb7e2\" data- element_type=\"section\" data-settings=\"{&quot;background_background&quot;:&quot;clasic&quot;}\">\n<div class=\"elementor-container elementor-column-gap-default\">\n<div class=\"elementor-column elementor-col-50 elementor-top-column elementor-element elementor-element-68b494a\" data-id=\"68b494a\" data-element_type=\"coloan\u0103\">\n<div class=\"elementor-widget-wrap elementor-element-populated\">\n<div class=\"elementor-element elementor-element-9d21cc3 elementor-widget elementor-widget-heading\" data-id=\"9d21cc3\" data-element_type=\"widget\" data-widget_type=\"heading.default\">\n<div class=\"elementor-widget-container\">\n<h2 class=\"elementor-heading-title elementor-size-default\">Achizi\u021bii<\/h2>\n<\/p><\/div>\n<\/p><\/div>\n<\/p><\/div>\n<\/p><\/div>\n<div class=\"elementor-column elementor-col-50 elementor-top-column elementor-element elementor-element-c9f4e67\" data-id=\"c9f4e67\" data-element_type=\"coloan\u0103\">\n<div class=\"elementor-widget-wrap elementor-element-populated\">\n<div class=\"elementor-element elementor-element-204438e elementor-widget elementor-widget-text-editor\" data-id=\"204438e\" data-element_type=\"widget\" data-widget_type=\"text-editor.default\">\n<div class=\"elementor-widget-container\">\n<p>Sunte\u021bi \u00eencurajat s\u0103 v\u0103 familiariza\u021bi cu drepturile dvs. cuprinse \u00een Legea privind v\u00e2nzarea de bunuri din 1979, Legea privind condi\u021biile contractuale neloiale din 1977 \u0219i Regulamentul privind condi\u021biile neloiale din contractele cu consumatorul din 1999.<\/p>\n<p>Dac\u0103 dori\u021bi s\u0103 cump\u0103ra\u021bi orice produs sau serviciu pus la dispozi\u021bie prin intermediul Serviciului (\u201eAchizi\u021bie\u201d), vi se poate cere s\u0103 furniza\u021bi anumite informa\u021bii relevante pentru achizi\u021bia dvs., inclusiv, f\u0103r\u0103 limitare, num\u0103rul cardului dvs. de credit, data de expirare a cardului dvs. de credit, adresa dvs. de facturare \u0219i livrarea dvs. informa\u021bii.<\/p>\n<p>Declara\u021bi \u0219i garanta\u021bi c\u0103: (i) ave\u021bi dreptul legal de a utiliza orice card(e) de credit sau alte metode de plat\u0103 \u00een leg\u0103tur\u0103 cu orice Cump\u0103rare; \u0219i c\u0103 (ii) informa\u021biile pe care ni le furniza\u021bi sunt adev\u0103rate, corecte \u0219i complete. Sunte\u021bi de acord \u00een mod expres c\u0103 Sucursala Meir Panim din Marea Britanie nu este responsabil\u0103 pentru nicio pierdere sau daune rezultate din transmiterea de informa\u021bii false sau inexacte.<\/p>\n<p>Prin trimiterea unor astfel de informa\u021bii, ne acorda\u021bi dreptul de a furniza informa\u021biile c\u0103tre ter\u021bi. p\u0103r\u021bi \u00een scopul facilit\u0103rii finaliz\u0103rii Achizi\u021biilor.<\/p>\n<p>Ne rezerv\u0103m dreptul de a refuza sau anula comanda \u00een orice moment din anumite motive, inclusiv, dar f\u0103r\u0103 a se limita la: disponibilitatea produsului sau serviciului, erori \u00een descriere sau pre\u021b a produsului sau serviciului, eroare \u00een comand\u0103 sau alte motive. Sunte\u021bi de acord \u00een mod expres c\u0103 Sucursala din Marea Britanie a Meir Panim nu poate accepta nicio r\u0103spundere pentru pierderile sau daunele rezultate din aceast\u0103 anulare.<\/p>\n<p>Ne rezerv\u0103m dreptul de a refuza sau anula comanda dumneavoastr\u0103 dac\u0103 se suspecteaz\u0103 o fraud\u0103 sau o tranzac\u021bie neautorizat\u0103 sau ilegal\u0103.<\/p>\n<p> <\/ div>\n  <\/div>\n<\/p><\/div>\n<\/p><\/div>\n<\/p><\/div>\n<\/section>\n<section class=\"elementor-section elementor-top-section elementor-element elementor-element-b5d5ef3 elementor-section-boxed elementor-section-height-default elementor-section-height-default\" data-id=\"b5d5ef3\" data- element_type=\"section\">\n<div class=\"elementor-container elementor-column-gap-default\">\n<div class=\"elementor-column elementor-col-50 elementor-top-column elementor-element elementor-element-89b5006\" data-id=\"89b5006\" data-element_type=\"coloan\u0103\">\n<div class=\"elementor-widget-wrap elementor-element-populated\">\n<div class=\"elementor-element elementor-element-9684735 elementor-widget elementor-widget-heading\" data-id=\"9684735\" data-element_type=\"widget\" data-widget_type=\"heading.default\">\n<div class=\"elementor-widget-container\">\n<h2 class=\"elementor-heading-title elementor-size-default\">Concursuri, tombole \u0219i promo\u021bii<\/h2>\n<\/p><\/div>\n<\/p><\/div>\n<\/p><\/div>\n<\/p><\/div>\n<div class=\"elementor-column elementor-col-50 elementor-top-column elementor-element elementor-element-490920a\" data-id=\"490920a\" data-element_type=\"coloan\u0103\">\n<div class=\"elementor-widget-wrap elementor-element-populated\">\n<div class=\"elementor-element elementor-element-72378d5 elementor-widget elementor-widget-text-editor\" data-id=\"72378d5\" data-element_type=\"widget\" data-widget_type=\"text-editor.default\">\n<div class=\"elementor-widget-container\">\n<p>Orice concursuri, tombole sau alte promo\u021bii (colectiv, \u201ePromo\u021bii\u201d) puse la dispozi\u021bie prin intermediul Serviciului pot fi guvernate de reguli care sunt separate de ace\u0219ti Termeni. Dac\u0103 participa\u021bi la orice promo\u021bie, v\u0103 rug\u0103m s\u0103 consulta\u021bi regulile aplicabile, precum \u0219i Politica noastr\u0103 de confiden\u021bialitate. Dac\u0103 regulile pentru o Promo\u021bie sunt \u00een conflict cu ace\u0219ti Termeni \u0219i Condi\u021bii, se vor aplica regulile Promo\u021biei. Termenii \u0219i condi\u021biile oric\u0103ror alte \u201ePromo\u021bii\u201d sunt independente de acest acord.<\/p>\n<\/p><\/div>\n<\/p><\/div>\n<\/p><\/div>\n<\/p><\/div>\n<\/p><\/div>\n<\/section>\n<section class=\"elementor-section elementor-top-section elementor-element elementor-element-a099186 elementor-section-boxed elementor-section-height-default elementor-section-height-default\" data-id=\"a099186\" data- element_type=\"section\" data-settings=\"{&quot;background_background&quot;:&quot;clasic&quot;}\">\n<div class=\"elementor-container elementor-column-gap-default\">\n<div class=\"elementor-column elementor-col-50 elementor-top-column elementor-element elementor-element-85d03b8\" data-id=\"85d03b8\" data-element_type=\"coloan\u0103\">\n<div class=\"elementor-widget-wrap elementor-element-populated\">\n<div class=\"elementor-element elementor-element-a54b730 elementor-widget elementor-widget-heading\" data-id=\"a54b730\" data-element_type=\"widget\" data-widget_type=\"heading.default\">\n<div class=\"elementor-widget-container\">\n<h2 class=\"elementor-heading-title elementor-size-default\">Proprietate intelectual\u0103<\/h2>\n<\/p><\/div>\n<\/p><\/div>\n<\/p><\/div>\n<\/p><\/div>\n<div class=\"elementor-column elementor-col-50 elementor-top-column elementor-element elementor-element-813dfd4\" data-id=\"813dfd4\" data-element_type=\"coloan\u0103\">\n<div class=\"elementor-widget-wrap elementor-element-populated\">\n<div class=\"elementor-element elementor-element-3471122 elementor-widget elementor-widget-text-editor\" data-id=\"3471122\" data-element_type=\"widget\" data-widget_type=\"text-editor.default\">\n<div class=\"elementor-widget-container\">\n<p>Serviciul \u0219i con\u021binutul, caracteristicile \u0219i func\u021bionalit\u0103\u021bile sale originale sunt \u0219i vor r\u0103m\u00e2ne proprietatea exclusiv\u0103 a filialei britanice Meir Panim \u0219i a licen\u021biatorilor s\u0103i. Serviciul este protejat de drepturi de autor, m\u0103rci comerciale \u0219i alte legi at\u00e2t ale Regatului Unit, c\u00e2t \u0219i ale \u021b\u0103rilor str\u0103ine. M\u0103rcile noastre comerciale \u0219i imaginea comercial\u0103 nu pot fi utilizate \u00een leg\u0103tur\u0103 cu niciun produs sau serviciu f\u0103r\u0103 acordul prealabil scris al MAD Aid<\/p>\n<\/p><\/div>\n<\/p><\/div>\n<\/p><\/div>\n<\/p><\/div>\n<\/p><\/div>\n<\/section>\n<section class=\"elementor-section elementor-top-section elementor-element elementor-element-439b431 elementor-section-boxed elementor-section-height-default elementor-section-height-default\" data-id=\"439b431\" data- element_type=\"section\">\n<div class=\"elementor-container elementor-column-gap-default\">\n<div class=\"elementor-column elementor-col-50 elementor-top-column elementor-element elementor-element-91425d0\" data-id=\"91425d0\" data-element_type=\"coloan\u0103\">\n<div class=\"elementor-widget-wrap elementor-element-populated\">\n<div class=\"elementor-element elementor-element-a96dd4f elementor-widget elementor-widget-heading\" data-id=\"a96dd4f\" data-element_type=\"widget\" data-widget_type=\"heading.default\">\n<div class=\"elementor-widget-container\">\n<h2 class=\"elementor-heading-title elementor-size-default\">Leg\u0103turi c\u0103tre alte site-uri webtes<\/h2>\n<\/p><\/div>\n<\/p><\/div>\n<\/p><\/div>\n<\/p><\/div>\n<div class=\"elementor-column elementor-col-50 elementor-top-column elementor-element elementor-element-b756fb1\" data-id=\"b756fb1\" data-element_type=\"coloan\u0103\">\n<div class=\"elementor-widget-wrap elementor-element-populated\">\n<div class=\"elementor-element elementor-element-455704b elementor-widget elementor-widget-text-editor\" data-id=\"455704b\" data-element_type=\"widget\" data-widget_type=\"text-editor.default\">\n<div class=\"elementor-widget-container\">\n<p>Serviciul nostru poate con\u021bine link-uri c\u0103tre site-uri web sau servicii ale unor ter\u021be p\u0103r\u021bi care nu sunt de\u021binute sau controlate de MAD Aid.<\/p>\n<p>MAD Aid nu are control asupra con\u021binutului, confiden\u021bialitatea \u0219i nu \u00ee\u0219i asum\u0103 nicio responsabilitate pentru acestea. politicile sau practicile oric\u0103ror site-uri web sau servicii ter\u021be. \u00cen plus, recunoa\u0219te\u021bi \u0219i sunte\u021bi de acord c\u0103 MAD Aid nu va fi responsabil sau r\u0103spunz\u0103tor, direct sau indirect, pentru orice daune sau pierderi cauzate sau presupuse a fi cauzate de sau \u00een leg\u0103tur\u0103 cu utilizarea sau \u00eencrederea \u00een orice astfel de con\u021binut, bunuri sau servicii disponibile pe sau prin orice astfel de site-uri web sau servicii.<\/p>\n<p>V\u0103 sf\u0103tuim cu insisten\u021b\u0103 s\u0103 citi\u021bi termenii \u0219i condi\u021biile \u0219i politicile de confiden\u021bialitate ale oric\u0103ror site-uri web sau servicii ter\u021be pe care le vizita\u021bi.<\/p>\n<\/p><\/div>\n<\/p><\/div>\n<\/p><\/div>\n<\/p><\/div>\n<\/p><\/div>\n<\/section>\n<section class=\"elementor-section elementor-top-section elementor-element elementor-element-e047637 elementor-section-boxed elementor-section-height-default elementor-section-height-default\" data-id=\"e047637\" data- element_type=\"section\" data-settings=\"{&quot;background_background&quot;:&quot;clasic&quot;}\">\n<div class=\"elementor-container elementor-column-gap-default\">\n<div class=\"elementor-column elementor-col-50 elementor-top-column elementor-element elementor-element-a6dfdb8\" data-id=\"a6dfdb8\" data-element_type=\"coloan\u0103\">\n<div class=\"elementor-widget-wrap elementor-element-populated\">\n<div class=\"elementor-element elementor-element-4fe6fe1 elementor-widget elementor-widget-heading\" data-id=\"4fe6fe1\" data-element_type=\"widget\" data-widget_type=\"heading.default\">\n<div class=\"elementor-widget-container\">\n<h2 class=\"elementor-heading-title elementor-size-default\">Legea aplicabil\u0103<\/h2>\n<\/p><\/div>\n<\/p><\/div>\n<\/p><\/div>\n<\/p><\/div>\n<div class=\"elementor-column elementor-col-50 elementor-top-column elementor-element elementor-element-dffc086\" data-id=\"dffc086\" data-element_type=\"coloan\u0103\">\n<div class=\"elementor-widget-wrap elementor-element-populated\">\n<div class=\"elementor-element elementor-element-f33692c elementor-widget elementor-widget-text-editor\" data-id=\"f33692c\" data-element_type=\"widget\" data-widget_type=\"text-editor.default\">\n<div class=\"elementor-widget-container\">\n<p>Ace\u0219ti Termeni vor fi guverna\u021bi \u0219i interpreta\u021bi \u00een conformitate cu legile din Anglia \u0219i \u021aara Galilor, f\u0103r\u0103 a \u021bine cont de prevederile privind conflictul de legi.<\/p>\n<p>E\u0219ecul nostru de a aplica niciun drept sau prevedere a acestor Termeni nu va fi considerat\u0103 o renun\u021bare la aceste drepturi. Dac\u0103 orice prevedere a acestor Termeni este considerat\u0103 invalid\u0103 sau inaplicabil\u0103 de c\u0103tre o instan\u021b\u0103, celelalte prevederi ale acestor Termeni vor r\u0103m\u00e2ne \u00een vigoare. Ace\u0219ti Termeni constituie \u00eentregul acord dintre noi cu privire la Serviciul nostru \u0219i \u00eenlocuiesc \u0219i \u00eenlocuiesc orice acorduri anterioare pe care le-am putea avea \u00eentre noi cu privire la Serviciu.<\/p>\n<\/p><\/div>\n<\/p><\/div>\n<\/p><\/div>\n<\/p><\/div>\n<\/p><\/div>\n<\/section>\n<section class=\"elementor-section elementor-top-section elementor-element elementor-element-7d2a0f3 elementor-section-boxed elementor-section-height-default elementor-section-height-default\" data-id=\"7d2a0f3\" data- element_type=\"section\">\n<div class=\"elementor-container elementor-column-gap-default\">\n<div class=\"elementor-column elementor-col-50 elementor-top-column elementor-element elementor-element-b81eabd\" data-id=\"b81eabd\" data-element_type=\"coloan\u0103\">\n<div class=\"elementor-widget-wrap elementor-element-populated\">\n<div class=\"elementor-element elementor-element-918fe0a elementor-widget elementor-widget-heading\" data-id=\"918fe0a\" data-element_type=\"widget\" data-widget_type=\"heading.default\">\n<div class=\"elementor-widget-container\">\n<h2 class=\"elementor-heading-title elementor-size-default\">Modific\u0103ri<\/h2>\n<\/p><\/div>\n<\/p><\/div>\n<\/p><\/div>\n<\/p><\/div>\n<div class=\"elementor-column elementor-col-50 elementor-top-column elementor-element elementor-element-4e338cc\" data-id=\"4e338cc\" data-element_type=\"coloan\u0103\">\n<div class=\"elementor-widget-wrap elementor-element-populated\">\n<div class=\"elementor-element elementor-element-66602d7 elementor-widget elementor-widget-text-editor\" data-id=\"66602d7\" data-element_type=\"widget\" data-widget_type=\"text-editor.default\">\n<div class=\"elementor-widget-container\">\n<p>Ne rezerv\u0103m dreptul, la discre\u021bia noastr\u0103, de a modifica sau \u00eenlocui ace\u0219ti Termeni \u00een orice moment. Dac\u0103 o revizuire este semnificativ\u0103, vom \u00eencerca s\u0103 furniz\u0103m o notificare cu cel pu\u021bin 30 de zile \u00eenainte de intrarea \u00een vigoare a oric\u0103ror termeni noi. Ce constituie un material csuspendarea va fi stabilit\u0103 la discre\u021bia noastr\u0103.<\/p>\n<p>Prin continuarea acces\u0103rii sau a utiliz\u0103rii Serviciului nostru dup\u0103 ce aceste revizuiri devin efective, sunte\u021bi de acord s\u0103 respecta\u021bi termenii revizui\u021bi. Dac\u0103 nu sunte\u021bi de acord cu noile condi\u021bii, trebuie s\u0103 \u00eenceta\u021bi s\u0103 utiliza\u021bi serviciul.<\/p>\n<\/p><\/div>\n<\/p><\/div>\n<\/p><\/div>\n<\/p><\/div>\n<\/p><\/div>\n<\/section>\n<section class=\"elementor-section elementor-top-section elementor-element elementor-element-079f48b elementor-section-boxed elementor-section-height-default elementor-section-height-default\" data-id=\"079f48b\" data- element_type=\"section\" data-settings=\"{&quot;background_background&quot;:&quot;clasic&quot;}\">\n<div class=\"elementor-container elementor-column-gap-default\">\n<div class=\"elementor-column elementor-col-50 elementor-top-column elementor-element elementor-element-008d17d\" data-id=\"008d17d\" data-element_type=\"coloan\u0103\">\n<div class=\"elementor-widget-wrap elementor-element-populated\">\n<div class=\"elementor-element elementor-element-0c80c61 elementor-widget elementor-widget-heading\" data-id=\"0c80c61\" data-element_type=\"widget\" data-widget_type=\"heading.default\">\n<div class=\"elementor-widget-container\">\n<h2 class=\"elementor-heading-title elementor-size-default\">Politica de confiden\u021bialitate \u0219i Politica de cookie-uri<\/h2>\n<\/p><\/div>\n<\/p><\/div>\n<\/p><\/div>\n<\/p><\/div>\n<div class=\"elementor-column elementor-col-50 elementor-top-column elementor-element elementor-element-df151fa\" data-id=\"df151fa\" data-element_type=\"coloan\u0103\">\n<div class=\"elementor-widget-wrap elementor-element-populated\">\n<div class=\"elementor-element elementor-element-c4dad22 elementor-widget elementor-widget-text-editor\" data-id=\"c4dad22\" data-element_type=\"widget\" data-widget_type=\"text-editor.default\">\n<div class=\"elementor-widget-container\">\n<p>V\u0103 rug\u0103m s\u0103 consulta\u021bi <a href=\"\/privacy-policy\/\">Politica noastr\u0103 de confiden\u021bialitate<\/a> \u0219i <a href=\"\/cookies-policy\">Politica privind cookie-urile<\/a>. Sunte\u021bi de acord c\u0103 acestea fac parte din ace\u0219ti termeni. Trebuie s\u0103 citi\u021bi Politica noastr\u0103 de confiden\u021bialitate \u0219i Politica privind modulele cookie \u00eenainte de a utiliza Serviciul.<\/p>\n<\/p><\/div>\n<\/p><\/div>\n<\/p><\/div>\n<\/p><\/div>\n<\/p><\/div>\n<\/section>\n<section class=\"elementor-section elementor-top-section elementor-element elementor-element-c72740a elementor-section-boxed elementor-section-height-default elementor-section-height-default\" data-id=\"c72740a\" data- element_type=\"section\">\n<div class=\"elementor-container elementor-column-gap-default\">\n<div class=\"elementor-column elementor-col-50 elementor-top-column elementor-element elementor-element-99b08f4\" data-id=\"99b08f4\" data-element_type=\"coloan\u0103\">\n<div class=\"elementor-widget-wrap elementor-element-populated\">\n<div class=\"elementor-element elementor-element-182e248 elementor-widget elementor-widget-heading\" data-id=\"182e248\" data-element_type=\"widget\" data-widget_type=\"heading.default\">\n<div class=\"elementor-widget-container\">\n<h2 class=\"elementor-heading-title elementor-size-default\">Contacta\u021bi-ne<\/h2>\n<\/p><\/div>\n<\/p><\/div>\n<\/p><\/div>\n<\/p><\/div>\n<div class=\"elementor-column elementor-col-50 elementor-top-column elementor-element elementor-element-bdf2d27\" data-id=\"bdf2d27\" data-element_type=\"coloan\u0103\">\n<div class=\"elementor-widget-wrap elementor-element-populated\">\n<div class=\"elementor-element elementor-element-b0834e2 elementor-widget elementor-widget-text-editor\" data-id=\"b0834e2\" data-element_type=\"widget\" data-widget_type=\"text-editor.default\">\n<div class=\"elementor-widget-container\">\n  Dac\u0103 ave\u021bi \u00eentreb\u0103ri despre ace\u0219ti Termeni, v\u0103 rug\u0103m s\u0103 ne <a href=\"\/contact\/\">contacta\u021bi<\/a>. <\/div>\n<\/p><\/div>\n<\/p><\/div>\n<\/p><\/div>\n<\/p><\/div>\n<\/section><\/div>\n","protected":false},"excerpt":{"rendered":"<p>Termeni \u0219i condi\u021bii Ultima actualizare: 1 ianuarie 2019 V\u0103 rug\u0103m s\u0103 citi\u021bi cu aten\u021bie ace\u0219ti Termeni \u0219i condi\u021bii (\u201eTermeni\u201d, \u201eTermeni \u0219i condi\u021bii\u201d) \u00eenainte de a utiliza http:\/\/www. Site-ul web .mad-aid.org.uk (\u201eServiciul\u201d) operat de Filiala Meir Panim din Marea Britanie (\u201enoi\u201d, \u201enoi\u201d sau \u201enostru\u201d). Accesul dvs. la \u0219i utilizarea acestuia Serviciul este condi\u021bionat de acceptarea \u0219i [&hellip;]<\/p>\n","protected":false},"author":1,"featured_media":0,"parent":0,"menu_order":0,"comment_status":"closed","ping_status":"closed","template":"page-privacy-policy.php","meta":{"_acf_changed":false,"footnotes":""},"class_list":["post-7656","page","type-page","status-publish","hentry"],"translation":{"provider":"WPGlobus","version":"3.0.2","language":"ro","enabled_languages":["en","ro"],"languages":{"en":{"title":true,"content":true,"excerpt":false},"ro":{"title":true,"content":true,"excerpt":false}}},"acf":[],"aioseo_notices":[],"_links":{"self":[{"href":"https:\/\/www.mad-aid.org.uk\/ro\/wp-json\/wp\/v2\/pages\/7656","targetHints":{"allow":["GET"]}}],"collection":[{"href":"https:\/\/www.mad-aid.org.uk\/ro\/wp-json\/wp\/v2\/pages"}],"about":[{"href":"https:\/\/www.mad-aid.org.uk\/ro\/wp-json\/wp\/v2\/types\/page"}],"author":[{"embeddable":true,"href":"https:\/\/www.mad-aid.org.uk\/ro\/wp-json\/wp\/v2\/users\/1"}],"replies":[{"embeddable":true,"href":"https:\/\/www.mad-aid.org.uk\/ro\/wp-json\/wp\/v2\/comments?post=7656"}],"version-history":[{"count":3,"href":"https:\/\/www.mad-aid.org.uk\/ro\/wp-json\/wp\/v2\/pages\/7656\/revisions"}],"predecessor-version":[{"id":8358,"href":"https:\/\/www.mad-aid.org.uk\/ro\/wp-json\/wp\/v2\/pages\/7656\/revisions\/8358"}],"wp:attachment":[{"href":"https:\/\/www.mad-aid.org.uk\/ro\/wp-json\/wp\/v2\/media?parent=7656"}],"curies":[{"name":"wp","href":"https:\/\/api.w.org\/{rel}","templated":true}]}}