{"id":8246,"date":"2024-07-10T08:23:49","date_gmt":"2024-07-10T08:23:49","guid":{"rendered":"https:\/\/www.mad-aid.org.uk\/?page_id=8246"},"modified":"2024-08-06T13:14:29","modified_gmt":"2024-08-06T13:14:29","slug":"monthly-giving","status":"publish","type":"page","link":"https:\/\/www.mad-aid.org.uk\/ro\/monthly-giving\/","title":{"rendered":"Monthly Giving"},"content":{"rendered":"<h3>Doneaz\u0103 lunar<\/h3>\n<p>Nu trebuie s\u0103 fii MAD pentru a ni te al\u0103tura, dar ajut\u0103! Sigur c\u0103 glumim, dar ne referim la MAD ca la Make A Difference. A\u0219adar, al\u0103tur\u0103-te clubului MAD!<\/p>\n<p>Devenind un donator lunar, investe\u0219ti \u00een sustenabilitatea pe <strong>termen lung<\/strong> a programelor <strong>MAD-Aid<\/strong>. Aceste programe sunt de multe ori sufletul copiilor, familiilor \u0219i b\u0103tr\u00e2nilor mai pu\u021bin noroco\u0219i sau cu nevoi speciale din Moldova.<\/p>\n<p>Cu un flux de numerar continuu previzibil, ne permite\u021bi s\u0103 ne concentr\u0103m pe servirea lor.<\/p>\n<p>Scopul nostru este de a acoperi 35% din costul tuturor programelor care acum totalizeaz\u0103 114.000 \u00a3 anual cu dona\u021bii lunare ale <strong>MADclub<\/strong>.<\/p>\n<p>Sunte\u021bi suficient de MAD s\u0103 contribui\u021bi? Alege\u021bi o sum\u0103 \u0219i face\u021bi clic pentru a v\u0103 \u00eenscrie. Fiecare b\u0103nu\u021b conteaz\u0103.<\/p>\n<p>&nbsp;<\/p>\n<p>&nbsp;<\/p>\n<p><img fetchpriority=\"high\" decoding=\"async\" class=\"alignnone size-full wp-image-8363\" src=\"https:\/\/www.mad-aid.org.uk\/wp-content\/uploads\/2024\/08\/arrow-down.png\" alt=\"\" width=\"203\" height=\"251\" \/><\/p>\n","protected":false},"excerpt":{"rendered":"<p>Doneaz\u0103 lunar Nu trebuie s\u0103 fii MAD pentru a ni te al\u0103tura, dar ajut\u0103! Sigur c\u0103 glumim, dar ne referim la MAD ca la Make A Difference. A\u0219adar, al\u0103tur\u0103-te clubului MAD! Devenind un donator lunar, investe\u0219ti \u00een sustenabilitatea pe termen lung a programelor MAD-Aid. Aceste programe sunt de multe ori sufletul copiilor, familiilor \u0219i b\u0103tr\u00e2nilor [&hellip;]<\/p>\n","protected":false},"author":1,"featured_media":8240,"parent":0,"menu_order":0,"comment_status":"closed","ping_status":"closed","template":"","meta":{"_acf_changed":false,"footnotes":""},"class_list":["post-8246","page","type-page","status-publish","has-post-thumbnail","hentry"],"translation":{"provider":"WPGlobus","version":"3.0.2","language":"ro","enabled_languages":["en","ro"],"languages":{"en":{"title":true,"content":true,"excerpt":false},"ro":{"title":false,"content":true,"excerpt":false}}},"acf":[],"aioseo_notices":[],"_links":{"self":[{"href":"https:\/\/www.mad-aid.org.uk\/ro\/wp-json\/wp\/v2\/pages\/8246","targetHints":{"allow":["GET"]}}],"collection":[{"href":"https:\/\/www.mad-aid.org.uk\/ro\/wp-json\/wp\/v2\/pages"}],"about":[{"href":"https:\/\/www.mad-aid.org.uk\/ro\/wp-json\/wp\/v2\/types\/page"}],"author":[{"embeddable":true,"href":"https:\/\/www.mad-aid.org.uk\/ro\/wp-json\/wp\/v2\/users\/1"}],"replies":[{"embeddable":true,"href":"https:\/\/www.mad-aid.org.uk\/ro\/wp-json\/wp\/v2\/comments?post=8246"}],"version-history":[{"count":3,"href":"https:\/\/www.mad-aid.org.uk\/ro\/wp-json\/wp\/v2\/pages\/8246\/revisions"}],"predecessor-version":[{"id":8366,"href":"https:\/\/www.mad-aid.org.uk\/ro\/wp-json\/wp\/v2\/pages\/8246\/revisions\/8366"}],"wp:featuredmedia":[{"embeddable":true,"href":"https:\/\/www.mad-aid.org.uk\/ro\/wp-json\/wp\/v2\/media\/8240"}],"wp:attachment":[{"href":"https:\/\/www.mad-aid.org.uk\/ro\/wp-json\/wp\/v2\/media?parent=8246"}],"curies":[{"name":"wp","href":"https:\/\/api.w.org\/{rel}","templated":true}]}}